{"id":9,"date":"2019-10-14T16:43:40","date_gmt":"2019-10-14T16:43:40","guid":{"rendered":"https:\/\/boucheriecourtinat.fr\/wp\/?page_id=9"},"modified":"2019-12-06T21:35:20","modified_gmt":"2019-12-06T21:35:20","slug":"plats-a-emporter","status":"publish","type":"page","link":"https:\/\/boucheriecourtinat.fr\/wp\/?page_id=9","title":{"rendered":"Plats \u00e0 emporter"},"content":{"rendered":"\n<p>Contactez nous pour avoir plus d&rsquo;information!<\/p>\n\n\n\n<p>contact@boucheriecourtinat.fr<\/p>\n\n\n\n<p>04 73 95 92 54<\/p>\n\n\n\n<p><strong>Buffet froid&nbsp;:<\/strong><\/p>\n\n\n\n<ul class=\"wp-block-list\"><li>Charcuteries (jambon, saucisson, j\u00e9sus cuit, etc&#8230;)<\/li><li>Viandes froides<\/li><li>Salades ( de p\u00e2tes, de lentilles, pi\u00e9montaise, crudit\u00e9s,etc\u2026)<\/li><\/ul>\n\n\n\n<p><strong>Plats cuisin\u00e9s&nbsp;:<\/strong><\/p>\n\n\n\n<p><strong>Boeuf<\/strong><\/p>\n\n\n\n<ul class=\"wp-block-list\"><li>Rosbeef<\/li><li>Bourguignon<\/li><\/ul>\n\n\n\n<p><strong>Veau<\/strong><\/p>\n\n\n\n<ul class=\"wp-block-list\"><li>R\u00f4ti Quasi\/Noix<\/li><li>R\u00f4ti Epaule\/Basse Cote<\/li><li>R\u00f4ti farci<\/li><li>Saut\u00e9 aux carottes<\/li><li>Blanquette aux champignons<\/li><\/ul>\n\n\n\n<p><strong>Agneaux<\/strong><\/p>\n\n\n\n<ul class=\"wp-block-list\"><li>Gigot sans os<\/li><\/ul>\n\n\n\n<p><strong>Porc<\/strong><\/p>\n\n\n\n<ul class=\"wp-block-list\"><li>R\u00f4ti<\/li><li>Jambon brais\u00e9<\/li><li>Saut\u00e9<\/li><\/ul>\n\n\n\n<p><em>Sauce pour les viandes<\/em><\/p>\n\n\n\n<ul class=\"wp-block-list\"><li><em>Mad\u00e8re<\/em><\/li><li><em>Foresti\u00e8re<\/em><\/li><li><em>Morilles<\/em><\/li><\/ul>\n\n\n\n<p><strong>Poisson (avec l\u00e9gumes vapeur)<\/strong><\/p>\n\n\n\n<ul class=\"wp-block-list\"><li>Saumon<\/li><li>Dos de loup<\/li><li>Cabillaud<\/li><li>Sandre<\/li><li>St Jacques<\/li><\/ul>\n\n\n\n<p><em>Sauce pour les poissons<\/em><\/p>\n\n\n\n<ul class=\"wp-block-list\"><li><em>Vin blanc<\/em><\/li><li><em>Cr\u00e9ment<\/em><\/li><\/ul>\n\n\n\n<p><strong>L\u00e9gumes&nbsp;:<\/strong><\/p>\n\n\n\n<ul class=\"wp-block-list\"><li>Gratin dauphinois<\/li><li>Gratin de chou fleur<\/li><li>Gratin de courgette<\/li><li>Pommes dauphines<\/li><\/ul>\n\n\n\n<p><strong>Autres&nbsp;:<\/strong><\/p>\n\n\n\n<ul class=\"wp-block-list\"><li>Tartiflette au St Nectaire<\/li><li>Lasagnes<\/li><li>Hachis parmentier<\/li><li>Pizza&nbsp;:<ul><li>jambon, fromage<\/li><li>jambon, fromage, champignons<\/li><li>flamequche<\/li><li>poulet au curry, fromage<\/li><li>boeuf \u00e0 l&nbsp;\u00e9chalote, fromage<\/li><\/ul><\/li><\/ul>\n\n\n\n<ul class=\"wp-block-list\"><li>Quiche&nbsp;:<ul><li>loraine<\/li><li>fourme et noix<\/li><\/ul><\/li><li>Feuillet\u00e9&nbsp;:<ul><li>jambon et champignons<\/li><li>viande<\/li><li>pomme de terre, lard et fourme<\/li><li>ris de veau et morilles<\/li><li>fruits de mer<\/li><\/ul><\/li><\/ul>\n","protected":false},"excerpt":{"rendered":"<p>Contactez nous pour avoir plus d&rsquo;information! contact@boucheriecourtinat.fr 04 73 95 92 54 Buffet froid&nbsp;: Charcuteries (jambon, saucisson, j\u00e9sus cuit, etc&#8230;) Viandes froides Salades ( de p\u00e2tes, de lentilles, pi\u00e9montaise, crudit\u00e9s,etc\u2026) Plats cuisin\u00e9s&nbsp;: Boeuf Rosbeef Bourguignon Veau R\u00f4ti Quasi\/Noix R\u00f4ti Epaule\/Basse Cote R\u00f4ti farci Saut\u00e9 aux carottes Blanquette aux champignons Agneaux Gigot sans os Porc R\u00f4ti [&hellip;]<\/p>\n","protected":false},"author":1,"featured_media":0,"parent":0,"menu_order":0,"comment_status":"closed","ping_status":"closed","template":"","meta":{"footnotes":""},"class_list":["post-9","page","type-page","status-publish","hentry"],"_links":{"self":[{"href":"https:\/\/boucheriecourtinat.fr\/wp\/index.php?rest_route=\/wp\/v2\/pages\/9","targetHints":{"allow":["GET"]}}],"collection":[{"href":"https:\/\/boucheriecourtinat.fr\/wp\/index.php?rest_route=\/wp\/v2\/pages"}],"about":[{"href":"https:\/\/boucheriecourtinat.fr\/wp\/index.php?rest_route=\/wp\/v2\/types\/page"}],"author":[{"embeddable":true,"href":"https:\/\/boucheriecourtinat.fr\/wp\/index.php?rest_route=\/wp\/v2\/users\/1"}],"replies":[{"embeddable":true,"href":"https:\/\/boucheriecourtinat.fr\/wp\/index.php?rest_route=%2Fwp%2Fv2%2Fcomments&post=9"}],"version-history":[{"count":2,"href":"https:\/\/boucheriecourtinat.fr\/wp\/index.php?rest_route=\/wp\/v2\/pages\/9\/revisions"}],"predecessor-version":[{"id":71,"href":"https:\/\/boucheriecourtinat.fr\/wp\/index.php?rest_route=\/wp\/v2\/pages\/9\/revisions\/71"}],"wp:attachment":[{"href":"https:\/\/boucheriecourtinat.fr\/wp\/index.php?rest_route=%2Fwp%2Fv2%2Fmedia&parent=9"}],"curies":[{"name":"wp","href":"https:\/\/api.w.org\/{rel}","templated":true}]}}