{"id":7,"date":"2019-10-14T16:40:22","date_gmt":"2019-10-14T16:40:22","guid":{"rendered":"https:\/\/boucheriecourtinat.fr\/wp\/?page_id=7"},"modified":"2019-10-16T08:01:58","modified_gmt":"2019-10-16T08:01:58","slug":"presentation","status":"publish","type":"page","link":"https:\/\/boucheriecourtinat.fr\/wp\/?page_id=7","title":{"rendered":"Pr\u00e9sentation"},"content":{"rendered":"\n<p>Nous sommes install\u00e9s \u00e0 <a href=\"http:\/\/www.viverols.fr\/index.php\">Viverols<\/a> depuis 2006.<\/p>\n\n\n\n<p>Mon \u00e9pouse et moi m\u00eame, nous vous acceuillons :<\/p>\n\n\n\n<ul class=\"wp-block-list\"><li>du mardi au samedi de 7h30 \u00e0 12h30 puis de 15h \u00e0 19h<\/li><li>le dimanche matin de 7h30 \u00e0 12h<\/li><\/ul>\n\n\n\n<p>Vous pouvez nous retrouver sur <a href=\"https:\/\/www.facebook.com\/BoucherieCourtinat?skip_nax_wizard=true\">Facebook<\/a> , <a href=\"https:\/\/twitter.com\/S_Courtinat\">Twitter<\/a> , <a href=\"https:\/\/www.instagram.com\/boucheriecourtinat\/\">Instagram<\/a>.<br><\/p>\n\n\n\n<p>Nous vous proposons des viandes d&rsquo;origine locale abattues \u00e0 Ambert. )<\/p>\n\n\n\n<p>Nos\n volailles sont elles aussi d&rsquo;origine Auvergnate puisqu&rsquo;elle de viennent\n de chez S\u00e9divol (Isserteaux) et de chez J\u00e9r\u00f4me Breuil \u00e0 Sauvessanges<\/p>\n\n\n\n<p>R\u00e9gallez\n vous avec nos charcuteries maison, nos feuillet\u00e9s et pat\u00e9 en croute, et\n gouttez nos sp\u00e9cialit\u00e9s comme le boudin aux noix, la saucisse et bien \nd&rsquo;autres choses \u00e0 d\u00e9couvrir!<\/p>\n","protected":false},"excerpt":{"rendered":"<p>Nous sommes install\u00e9s \u00e0 Viverols depuis 2006. Mon \u00e9pouse et moi m\u00eame, nous vous acceuillons : du mardi au samedi de 7h30 \u00e0 12h30 puis de 15h \u00e0 19h le dimanche matin de 7h30 \u00e0 12h Vous pouvez nous retrouver sur Facebook , Twitter , Instagram. Nous vous proposons des viandes d&rsquo;origine locale abattues \u00e0 [&hellip;]<\/p>\n","protected":false},"author":1,"featured_media":0,"parent":0,"menu_order":0,"comment_status":"closed","ping_status":"closed","template":"","meta":{"footnotes":""},"class_list":["post-7","page","type-page","status-publish","hentry"],"_links":{"self":[{"href":"https:\/\/boucheriecourtinat.fr\/wp\/index.php?rest_route=\/wp\/v2\/pages\/7","targetHints":{"allow":["GET"]}}],"collection":[{"href":"https:\/\/boucheriecourtinat.fr\/wp\/index.php?rest_route=\/wp\/v2\/pages"}],"about":[{"href":"https:\/\/boucheriecourtinat.fr\/wp\/index.php?rest_route=\/wp\/v2\/types\/page"}],"author":[{"embeddable":true,"href":"https:\/\/boucheriecourtinat.fr\/wp\/index.php?rest_route=\/wp\/v2\/users\/1"}],"replies":[{"embeddable":true,"href":"https:\/\/boucheriecourtinat.fr\/wp\/index.php?rest_route=%2Fwp%2Fv2%2Fcomments&post=7"}],"version-history":[{"count":2,"href":"https:\/\/boucheriecourtinat.fr\/wp\/index.php?rest_route=\/wp\/v2\/pages\/7\/revisions"}],"predecessor-version":[{"id":55,"href":"https:\/\/boucheriecourtinat.fr\/wp\/index.php?rest_route=\/wp\/v2\/pages\/7\/revisions\/55"}],"wp:attachment":[{"href":"https:\/\/boucheriecourtinat.fr\/wp\/index.php?rest_route=%2Fwp%2Fv2%2Fmedia&parent=7"}],"curies":[{"name":"wp","href":"https:\/\/api.w.org\/{rel}","templated":true}]}}