{"id":45,"date":"2019-10-16T06:42:08","date_gmt":"2019-10-16T06:42:08","guid":{"rendered":"https:\/\/boucheriecourtinat.fr\/wp\/?page_id=45"},"modified":"2019-10-16T07:59:15","modified_gmt":"2019-10-16T07:59:15","slug":"nos-specialites","status":"publish","type":"page","link":"https:\/\/boucheriecourtinat.fr\/wp\/?page_id=45","title":{"rendered":"Nos sp\u00e9cialit\u00e9s"},"content":{"rendered":"\n<style>\n    \/* Portfolio Options Configuration Goes Here*\/\n    #gallery .tile:hover{\n        cursor: pointer !important;\n    }\n\n    \/* - - - - - - - - - - - - - - -*\/\n    \/* Tile Hover Customizations *\/\n\n    \/* Customize overlay background *\/\n    #gallery .crp-tile-inner .overlay,\n    #gallery .tile .caption {\n        background-color: rgba(0,0,0,0.50196078431373) !important;\n    }\n\n    #gallery .crp-tile-inner.crp-details-bg .details {\n        background-color: rgba(0,0,0,0.50196078431373) !important;\n    }\n\n    #gallery .crp-tile-inner .details h3 {\n        color: #ffffff;\n        text-align: center;\n        font-size: 18px;\n    }\n\n    #gallery .crp-tile-inner .details p {\n        color: #ffffff;\n        text-align: center;\n        font-size: 11px;\n    }\n\n        #gallery .crp-tile-inner .details h3 {\n        margin-bottom: 0px;\n    }\n    \n<\/style>\n\n<!--Here Goes HTML-->\n<div class=\"crp-wrapper\">\n    <div id=\"gallery\">\n        <div id=\"ftg-items\" class=\"ftg-items\">\n                            <div id=\"crp-tile-36\" class=\"tile\" data-url=\"\">\n                                        <div class=\"crp-tile-inner details33 crp-details-bg image01\">\n                    \n                    \n                    \n                    <div id=\"36\" class=\"tile-inner\">\n                                                <img decoding=\"async\" class=\"crp-item crp-tile-img\" src=\"https:\/\/boucheriecourtinat.fr\/wp\/wp-content\/uploads\/2019\/10\/IMG_20160803_072740.jpg\" data-width=\"1200\" data-height=\"1600\" \/>\n                        <div class='overlay'><\/div><div class='details'><h3>Brochettes poulet chorizo maison<\/h3><\/div>                    <\/div>\n                                        <\/div>\n\n                                    <\/div>\n                            <div id=\"crp-tile-35\" class=\"tile\" data-url=\"\">\n                                        <div class=\"crp-tile-inner details33 crp-details-bg image01\">\n                    \n                    \n                    \n                    <div id=\"35\" class=\"tile-inner\">\n                                                <img decoding=\"async\" class=\"crp-item crp-tile-img\" src=\"https:\/\/boucheriecourtinat.fr\/wp\/wp-content\/uploads\/2019\/10\/IMG_20160621_163359.jpg\" data-width=\"1200\" data-height=\"1600\" \/>\n                        <div class='overlay'><\/div><div class='details'><h3>Brochettes d'agneau<\/h3><\/div>                    <\/div>\n                                        <\/div>\n\n                                    <\/div>\n                            <div id=\"crp-tile-34\" class=\"tile\" data-url=\"\">\n                                        <div class=\"crp-tile-inner details33 crp-details-bg image01\">\n                    \n                    \n                    \n                    <div id=\"34\" class=\"tile-inner\">\n                                                <img decoding=\"async\" class=\"crp-item crp-tile-img\" src=\"https:\/\/boucheriecourtinat.fr\/wp\/wp-content\/uploads\/2019\/10\/IMG_20160623_081508.jpg\" data-width=\"1200\" data-height=\"1600\" \/>\n                        <div class='overlay'><\/div><div class='details'><h3>Brochettes de veau<\/h3><\/div>                    <\/div>\n                                        <\/div>\n\n                                    <\/div>\n                            <div id=\"crp-tile-17\" class=\"tile\" data-url=\"\">\n                                        <div class=\"crp-tile-inner details33 crp-details-bg image01\">\n                    \n                    \n                    \n                    <div id=\"17\" class=\"tile-inner\">\n                                                <img decoding=\"async\" class=\"crp-item crp-tile-img\" src=\"https:\/\/boucheriecourtinat.fr\/wp\/wp-content\/uploads\/2019\/10\/Boudin-aux-noix.jpg\" data-width=\"4000\" data-height=\"3000\" \/>\n                        <div class='overlay'><\/div><div class='details'><h3>Boudin aux noix<\/h3><\/div>                    <\/div>\n                                        <\/div>\n\n                                    <\/div>\n                            <div id=\"crp-tile-16\" class=\"tile\" data-url=\"\">\n                                        <div class=\"crp-tile-inner details33 crp-details-bg image01\">\n                    \n                    \n                    \n                    <div id=\"16\" class=\"tile-inner\">\n                                                <img decoding=\"async\" class=\"crp-item crp-tile-img\" src=\"https:\/\/boucheriecourtinat.fr\/wp\/wp-content\/uploads\/2019\/10\/DSCN0263.jpg\" data-width=\"3000\" data-height=\"4000\" \/>\n                        <div class='overlay'><\/div><div class='details'><h3>P\u00e2t\u00e9 en croute<\/h3><\/div>                    <\/div>\n                                        <\/div>\n\n                                    <\/div>\n                            <div id=\"crp-tile-15\" class=\"tile\" data-url=\"\">\n                                        <div class=\"crp-tile-inner details33 crp-details-bg image01\">\n                    \n                    \n                    \n                    <div id=\"15\" class=\"tile-inner\">\n                                                <img decoding=\"async\" class=\"crp-item crp-tile-img\" src=\"https:\/\/boucheriecourtinat.fr\/wp\/wp-content\/uploads\/2019\/10\/DSCN9327.jpg\" data-width=\"1944\" data-height=\"2592\" \/>\n                        <div class='overlay'><\/div><div class='details'><h3>Terrine de lapin<\/h3><\/div>                    <\/div>\n                                        <\/div>\n\n                                    <\/div>\n                            <div id=\"crp-tile-5\" class=\"tile\" data-url=\"\">\n                                        <div class=\"crp-tile-inner details33 crp-details-bg image01\">\n                    \n                    \n                    \n                    <div id=\"5\" class=\"tile-inner\">\n                                                <img decoding=\"async\" class=\"crp-item crp-tile-img\" src=\"https:\/\/boucheriecourtinat.fr\/wp\/wp-content\/uploads\/2019\/10\/andouillette2.jpg\" data-width=\"2048\" data-height=\"1536\" \/>\n                        <div class='overlay'><\/div><div class='details'><h3>Andouillettes maison<\/h3><\/div>                    <\/div>\n                                        <\/div>\n\n                                    <\/div>\n                            <div id=\"crp-tile-4\" class=\"tile\" data-url=\"\">\n                                        <div class=\"crp-tile-inner details33 crp-details-bg image01\">\n                    \n                    \n                    \n                    <div id=\"4\" class=\"tile-inner\">\n                                                <img decoding=\"async\" class=\"crp-item crp-tile-img\" src=\"https:\/\/boucheriecourtinat.fr\/wp\/wp-content\/uploads\/2019\/10\/Boudin_blanc.jpg\" data-width=\"1944\" data-height=\"2592\" \/>\n                        <div class='overlay'><\/div><div class='details'><h3>Boudin blanc maison<\/h3><\/div>                    <\/div>\n                                        <\/div>\n\n                                    <\/div>\n                            <div id=\"crp-tile-3\" class=\"tile\" data-url=\"\">\n                                        <div class=\"crp-tile-inner details33 crp-details-bg image01\">\n                    \n                    \n                    \n                    <div id=\"3\" class=\"tile-inner\">\n                                                <img decoding=\"async\" class=\"crp-item crp-tile-img\" src=\"https:\/\/boucheriecourtinat.fr\/wp\/wp-content\/uploads\/2019\/10\/DSCN0516.jpg\" data-width=\"3264\" data-height=\"2448\" \/>\n                        <div class='overlay'><\/div><div class='details'><h3>Chausson au ch\u00e8vre maison<\/h3><\/div>                    <\/div>\n                                        <\/div>\n\n                                    <\/div>\n                            <div id=\"crp-tile-2\" class=\"tile\" data-url=\"\">\n                                        <div class=\"crp-tile-inner details33 crp-details-bg image01\">\n                    \n                    \n                    \n                    <div id=\"2\" class=\"tile-inner\">\n                                                <img decoding=\"async\" class=\"crp-item crp-tile-img\" src=\"https:\/\/boucheriecourtinat.fr\/wp\/wp-content\/uploads\/2019\/10\/DSCN9776.jpg\" data-width=\"2592\" data-height=\"1944\" \/>\n                        <div class='overlay'><\/div><div class='details'><h3>P\u00e2t\u00e9 de t\u00eate et p\u00e2t\u00e9 de langue maison<\/h3><\/div>                    <\/div>\n                                        <\/div>\n\n                                    <\/div>\n                            <div id=\"crp-tile-1\" class=\"tile\" data-url=\"\">\n                                        <div class=\"crp-tile-inner details33 crp-details-bg image01\">\n                    \n                    \n                    \n                    <div id=\"1\" class=\"tile-inner\">\n                                                <img decoding=\"async\" class=\"crp-item crp-tile-img\" src=\"https:\/\/boucheriecourtinat.fr\/wp\/wp-content\/uploads\/2019\/10\/rillette-maison.jpg\" data-width=\"2592\" data-height=\"1944\" \/>\n                        <div class='overlay'><\/div><div class='details'><h3>Rillettes de canard maison<\/h3><\/div>                    <\/div>\n                                        <\/div>\n\n                                    <\/div>\n                                        <ul id=\"crp-light-gallery\" class=\"crp-light-gallery\" style=\"display: none;\" >\n                                    \n                    <li id=\"crp-light-gallery-item-36\" data-src=\"https:\/\/boucheriecourtinat.fr\/wp\/wp-content\/uploads\/2019\/10\/IMG_20160803_072740.jpg\" data-sub-html=\"&lt;div class=&#039;lg-info&#039;&gt;&lt;h4 class=&#039;lg-h4&#039;&gt;Brochettes poulet chorizo maison&lt;\/h4&gt;&lt;\/div&gt;\" data-url=\"\">\n                        <a href=\"#\">\n                            <img decoding=\"async\" src=\"https:\/\/boucheriecourtinat.fr\/wp\/wp-content\/uploads\/2019\/10\/IMG_20160803_072740-225x300.jpg\" \/>\n                        <\/a>\n                    <\/li>\n                                    \n                    <li id=\"crp-light-gallery-item-35\" data-src=\"https:\/\/boucheriecourtinat.fr\/wp\/wp-content\/uploads\/2019\/10\/IMG_20160621_163359.jpg\" data-sub-html=\"&lt;div class=&#039;lg-info&#039;&gt;&lt;h4 class=&#039;lg-h4&#039;&gt;Brochettes d&#039;agneau&lt;\/h4&gt;&lt;\/div&gt;\" data-url=\"\">\n                        <a href=\"#\">\n                            <img decoding=\"async\" src=\"https:\/\/boucheriecourtinat.fr\/wp\/wp-content\/uploads\/2019\/10\/IMG_20160621_163359-225x300.jpg\" \/>\n                        <\/a>\n                    <\/li>\n                                    \n                    <li id=\"crp-light-gallery-item-34\" data-src=\"https:\/\/boucheriecourtinat.fr\/wp\/wp-content\/uploads\/2019\/10\/IMG_20160623_081508.jpg\" data-sub-html=\"&lt;div class=&#039;lg-info&#039;&gt;&lt;h4 class=&#039;lg-h4&#039;&gt;Brochettes de veau&lt;\/h4&gt;&lt;\/div&gt;\" data-url=\"\">\n                        <a href=\"#\">\n                            <img decoding=\"async\" src=\"https:\/\/boucheriecourtinat.fr\/wp\/wp-content\/uploads\/2019\/10\/IMG_20160623_081508-225x300.jpg\" \/>\n                        <\/a>\n                    <\/li>\n                                    \n                    <li id=\"crp-light-gallery-item-17\" data-src=\"https:\/\/boucheriecourtinat.fr\/wp\/wp-content\/uploads\/2019\/10\/Boudin-aux-noix.jpg\" data-sub-html=\"&lt;div class=&#039;lg-info&#039;&gt;&lt;h4 class=&#039;lg-h4&#039;&gt;Boudin aux noix&lt;\/h4&gt;&lt;\/div&gt;\" data-url=\"\">\n                        <a href=\"#\">\n                            <img decoding=\"async\" src=\"https:\/\/boucheriecourtinat.fr\/wp\/wp-content\/uploads\/2019\/10\/Boudin-aux-noix-300x225.jpg\" \/>\n                        <\/a>\n                    <\/li>\n                                    \n                    <li id=\"crp-light-gallery-item-16\" data-src=\"https:\/\/boucheriecourtinat.fr\/wp\/wp-content\/uploads\/2019\/10\/DSCN0263.jpg\" data-sub-html=\"&lt;div class=&#039;lg-info&#039;&gt;&lt;h4 class=&#039;lg-h4&#039;&gt;P&acirc;t&eacute; en croute&lt;\/h4&gt;&lt;\/div&gt;\" data-url=\"\">\n                        <a href=\"#\">\n                            <img decoding=\"async\" src=\"https:\/\/boucheriecourtinat.fr\/wp\/wp-content\/uploads\/2019\/10\/DSCN0263-225x300.jpg\" \/>\n                        <\/a>\n                    <\/li>\n                                    \n                    <li id=\"crp-light-gallery-item-15\" data-src=\"https:\/\/boucheriecourtinat.fr\/wp\/wp-content\/uploads\/2019\/10\/DSCN9327.jpg\" data-sub-html=\"&lt;div class=&#039;lg-info&#039;&gt;&lt;h4 class=&#039;lg-h4&#039;&gt;Terrine de lapin&lt;\/h4&gt;&lt;\/div&gt;\" data-url=\"\">\n                        <a href=\"#\">\n                            <img decoding=\"async\" src=\"https:\/\/boucheriecourtinat.fr\/wp\/wp-content\/uploads\/2019\/10\/DSCN9327-225x300.jpg\" \/>\n                        <\/a>\n                    <\/li>\n                                    \n                    <li id=\"crp-light-gallery-item-5\" data-src=\"https:\/\/boucheriecourtinat.fr\/wp\/wp-content\/uploads\/2019\/10\/andouillette2.jpg\" data-sub-html=\"&lt;div class=&#039;lg-info&#039;&gt;&lt;h4 class=&#039;lg-h4&#039;&gt;Andouillettes maison&lt;\/h4&gt;&lt;\/div&gt;\" data-url=\"\">\n                        <a href=\"#\">\n                            <img decoding=\"async\" src=\"https:\/\/boucheriecourtinat.fr\/wp\/wp-content\/uploads\/2019\/10\/andouillette2-300x225.jpg\" \/>\n                        <\/a>\n                    <\/li>\n                                    \n                    <li id=\"crp-light-gallery-item-4\" data-src=\"https:\/\/boucheriecourtinat.fr\/wp\/wp-content\/uploads\/2019\/10\/Boudin_blanc.jpg\" data-sub-html=\"&lt;div class=&#039;lg-info&#039;&gt;&lt;h4 class=&#039;lg-h4&#039;&gt;Boudin blanc maison&lt;\/h4&gt;&lt;\/div&gt;\" data-url=\"\">\n                        <a href=\"#\">\n                            <img decoding=\"async\" src=\"https:\/\/boucheriecourtinat.fr\/wp\/wp-content\/uploads\/2019\/10\/Boudin_blanc-225x300.jpg\" \/>\n                        <\/a>\n                    <\/li>\n                                    \n                    <li id=\"crp-light-gallery-item-3\" data-src=\"https:\/\/boucheriecourtinat.fr\/wp\/wp-content\/uploads\/2019\/10\/DSCN0516.jpg\" data-sub-html=\"&lt;div class=&#039;lg-info&#039;&gt;&lt;h4 class=&#039;lg-h4&#039;&gt;Chausson au ch&egrave;vre maison&lt;\/h4&gt;&lt;\/div&gt;\" data-url=\"\">\n                        <a href=\"#\">\n                            <img decoding=\"async\" src=\"https:\/\/boucheriecourtinat.fr\/wp\/wp-content\/uploads\/2019\/10\/DSCN0516-300x225.jpg\" \/>\n                        <\/a>\n                    <\/li>\n                                    \n                    <li id=\"crp-light-gallery-item-2\" data-src=\"https:\/\/boucheriecourtinat.fr\/wp\/wp-content\/uploads\/2019\/10\/DSCN9776.jpg\" data-sub-html=\"&lt;div class=&#039;lg-info&#039;&gt;&lt;h4 class=&#039;lg-h4&#039;&gt;P&acirc;t&eacute; de t&ecirc;te et p&acirc;t&eacute; de langue maison&lt;\/h4&gt;&lt;\/div&gt;\" data-url=\"\">\n                        <a href=\"#\">\n                            <img decoding=\"async\" src=\"https:\/\/boucheriecourtinat.fr\/wp\/wp-content\/uploads\/2019\/10\/DSCN9776-300x225.jpg\" \/>\n                        <\/a>\n                    <\/li>\n                                    \n                    <li id=\"crp-light-gallery-item-1\" data-src=\"https:\/\/boucheriecourtinat.fr\/wp\/wp-content\/uploads\/2019\/10\/rillette-maison.jpg\" data-sub-html=\"&lt;div class=&#039;lg-info&#039;&gt;&lt;h4 class=&#039;lg-h4&#039;&gt;Rillettes de canard maison&lt;\/h4&gt;&lt;\/div&gt;\" data-url=\"\">\n                        <a href=\"#\">\n                            <img decoding=\"async\" src=\"https:\/\/boucheriecourtinat.fr\/wp\/wp-content\/uploads\/2019\/10\/rillette-maison-300x225.jpg\" \/>\n                        <\/a>\n                    <\/li>\n                                <\/ul>\n                    <\/div>\n    <\/div>\n<\/div>\n\n\n<!--Here Goes JS-->\n<script>\n    (function($) {\n        jQuery(document).ready(function(){\n\n            var tileParams = {};\n\n            if(0) {\n                tileParams.approxTileWidth = 250;\n                tileParams.approxTileHeight = 250;\n                tileParams.minTileWidth = 200;\n            }\n\n            if(0) {\n                tileParams.addBlock1Height = 40;\n                tileParams.addBlock2Height = 100;\n            }\n            jQuery('#gallery').crpTiledLayer(tileParams);\n\n            jQuery( \".crp-light-gallery\" ).each(function() {\n              var id = $( this ).attr(\"id\");\n              jQuery(\"#\" + id).lightGallery({\n                mode: 'slide',\n                useCSS: true,\n                cssEasing: 'ease', \/\/'cubic-bezier(0.25, 0, 0.25, 1)',\/\/\n                easing: 'linear', \/\/'for jquery animation',\/\/\n                speed: 600,\n                addClass: '',\n\n                closable: true,\n                loop: true,\n                auto: false,\n                pause: 6000,\n                escKey: true,\n                controls: true,\n                hideControlOnEnd: false,\n\n                preload: 1, \/\/number of preload slides. will exicute only after the current slide is fully loaded. ex:\/\/ you clicked on 4th image and if preload = 1 then 3rd slide and 5th slide will be loaded in the background after the 4th slide is fully loaded.. if preload is 2 then 2nd 3rd 5th 6th slides will be preloaded.. ... ...\n                showAfterLoad: true,\n                selector: null,\n                index: false,\n\n                lang: {\n                    allPhotos: 'All photos'\n                },\n                counter: false,\n\n                exThumbImage: false,\n                thumbnail: true,\n                showThumbByDefault:false,\n                animateThumb: true,\n                currentPagerPosition: 'middle',\n                thumbWidth: 150,\n                thumbMargin: 10,\n\n\n                mobileSrc: false,\n                mobileSrcMaxWidth: 640,\n                swipeThreshold: 50,\n                enableTouch: true,\n                enableDrag: true,\n\n                vimeoColor: 'CCCCCC',\n                youtubePlayerParams: false, \/\/ See: https:\/\/developers.google.com\/youtube\/player_parameters,\n                videoAutoplay: true,\n                videoMaxWidth: '855px',\n\n                dynamic: false,\n                dynamicEl: [],\n\n                \/\/ Callbacks el = current plugin\n                onOpen        : function(el) {}, \/\/ Executes immediately after the gallery is loaded.\n                onSlideBefore : function(el) {}, \/\/ Executes immediately before each transition.\n                onSlideAfter  : function(el) {}, \/\/ Executes immediately after each transition.\n                onSlideNext   : function(el) {}, \/\/ Executes immediately before each \"Next\" transition.\n                onSlidePrev   : function(el) {}, \/\/ Executes immediately before each \"Prev\" transition.\n                onBeforeClose : function(el) {}, \/\/ Executes immediately before the start of the close process.\n                onCloseAfter  : function(el) {}, \/\/ Executes immediately once lightGallery is closed.\n                onOpenExternal  : function(el, index) {\n                    if($(el).attr('data-url')) {\n                        var href = $(el).attr(\"data-url\");\n                    } else {\n                        var href = $(\"#crp-light-gallery li\").eq(index).attr('data-url');\n                    }\n                    if(href) {\n                        crp_loadHref(href,true);\n                    }else {\n                        return false;\n                    }\n\n                }, \/\/ Executes immediately before each \"open external\" transition.\n                onToggleInfo  : function(el) {\n                  var $info = $(\".lg-info\");\n                  if($info.css(\"opacity\") == 1){\n                    $info.fadeTo(\"slow\",0);\n                  }else{\n                    $info.fadeTo(\"slow\",1);\n                  }\n                } \/\/ Executes immediately before each \"toggle info\" transition.\n              });\n            });\n\n            jQuery(\".tile\").on('click', function (event){\n                if(jQuery(event.target).hasClass('crp-product-buy-button') || jQuery(event.target).hasClass('crp-product-checkout-button')) {\n                    return false;\n                } else if(jQuery(event.target).is(\"a\")) {\n                  return true;\n                }\n\n                \n                event.preventDefault();\n                if(jQuery(event.target).hasClass(\"fa\") && !jQuery(event.target).hasClass(\"zoom\")) return;\n\n                                var tileId = jQuery(\".tile-inner\", jQuery(this)).attr(\"id\");\n                var target = jQuery(\"#crp-light-gallery-item-\"+tileId);\n                                target.trigger( \"click\" );\n            });\n\n        });\n    })( jQuery );\n\n<\/script>\n\n","protected":false},"excerpt":{"rendered":"","protected":false},"author":1,"featured_media":0,"parent":0,"menu_order":0,"comment_status":"closed","ping_status":"closed","template":"","meta":{"footnotes":""},"class_list":["post-45","page","type-page","status-publish","hentry"],"_links":{"self":[{"href":"https:\/\/boucheriecourtinat.fr\/wp\/index.php?rest_route=\/wp\/v2\/pages\/45","targetHints":{"allow":["GET"]}}],"collection":[{"href":"https:\/\/boucheriecourtinat.fr\/wp\/index.php?rest_route=\/wp\/v2\/pages"}],"about":[{"href":"https:\/\/boucheriecourtinat.fr\/wp\/index.php?rest_route=\/wp\/v2\/types\/page"}],"author":[{"embeddable":true,"href":"https:\/\/boucheriecourtinat.fr\/wp\/index.php?rest_route=\/wp\/v2\/users\/1"}],"replies":[{"embeddable":true,"href":"https:\/\/boucheriecourtinat.fr\/wp\/index.php?rest_route=%2Fwp%2Fv2%2Fcomments&post=45"}],"version-history":[{"count":5,"href":"https:\/\/boucheriecourtinat.fr\/wp\/index.php?rest_route=\/wp\/v2\/pages\/45\/revisions"}],"predecessor-version":[{"id":54,"href":"https:\/\/boucheriecourtinat.fr\/wp\/index.php?rest_route=\/wp\/v2\/pages\/45\/revisions\/54"}],"wp:attachment":[{"href":"https:\/\/boucheriecourtinat.fr\/wp\/index.php?rest_route=%2Fwp%2Fv2%2Fmedia&parent=45"}],"curies":[{"name":"wp","href":"https:\/\/api.w.org\/{rel}","templated":true}]}}